{"id":1796,"date":"2021-08-05T10:16:44","date_gmt":"2021-08-05T08:16:44","guid":{"rendered":"https:\/\/triesteturismo.eu\/?page_id=1796"},"modified":"2021-08-05T10:21:30","modified_gmt":"2021-08-05T08:21:30","slug":"privacy-policy","status":"publish","type":"page","link":"https:\/\/triesteturismo.eu\/en\/privacy-policy\/","title":{"rendered":"Privacy Policy"},"content":{"rendered":"<h2>Chi siamo<\/h2>\n<p>L&#8217;indirizzo del nostro sito web \u00e8: https:\/\/triesteturismo.eu.<\/p>\n<h2>Quali dati personali raccogliamo e perch\u00e9 li raccogliamo<\/h2>\n<p>Per migliorare l\u2019esperienza di navigazione di utenti e visitatori, potrebbe rendersi necessaria la raccolta di dati personali. Questo potrebbe includere dati personali come: nome, indirizzo email, preferenze personali sull\u2019account e dati tecnici (es. informazioni sui cookies).<\/p>\n<p>I dati personali non vengono creati solo dalle interazioni dell\u2019utente con il tuo sito. I dati personali sono generati anche da processi tecnici come moduli di contatto, commenti, cookie, statistiche e incorporamenti di terze parti.<\/p>\n<h3>Commenti<\/h3>\n<p>Quando i visitatori lasciano commenti sul sito, raccogliamo i dati mostrati nel modulo dei commenti oltre all&#8217;indirizzo IP del visitatore e la stringa dello user agent del browser per facilitare il rilevamento dello spam.<\/p>\n<p>Una stringa anonimizzata creata a partire dal tuo indirizzo email (altrimenti detta hash) pu\u00f2 essere fornita al servizio Gravatar per vedere se lo stai usando. La privacy policy del servizio Gravatar \u00e8 disponibile qui: <a href=\"https:\/\/automattic.com\/privacy\/\">https:\/\/automattic.com\/privacy\/<\/a>. Dopo l&#8217;approvazione del tuo commento, la tua immagine del profilo \u00e8 visibile al pubblico nel contesto del tuo commento.<\/p>\n<h3>Media<\/h3>\n<p>Se carichi immagini sul sito web, dovresti evitare di caricare immagini che includono i dati di posizione incorporati (EXIF GPS). I visitatori del sito web possono scaricare ed estrarre qualsiasi dato sulla posizione dalle immagini sul sito web.<\/p>\n<h3>Modulo di contatto<\/h3>\n<p>Nome e e-mail vengono acquisiti quando viene inviato un modulo di contatto. Tali dati vengono conservati per fini di informazioni, assistenza e\/o supporto ed eliminati a conclusione della segnalazione.<\/p>\n<h3>Cookie<\/h3>\n<p>Se lasci un commento sul nostro sito, puoi scegliere di salvare il tuo nome, indirizzo email e sito web nei cookie. Sono usati per la tua comodit\u00e0 in modo che tu non debba inserire nuovamente i tuoi dati quando lasci un altro commento. Questi cookie dureranno per un anno.<\/p>\n<p>Se hai un account e accedi a questo sito, verr\u00e0 impostato un cookie temporaneo per determinare se il tuo browser accetta i cookie. Questo cookie non contiene dati personali e viene eliminato quando chiudi il browser.<\/p>\n<p>Quando effettui l&#8217;accesso, verranno impostati diversi cookie per salvare le tue informazioni di accesso e le tue opzioni di visualizzazione dello schermo. I cookie di accesso durano due giorni mentre i cookie per le opzioni dello schermo durano un anno. Se selezioni &#8220;Ricordami&#8221;, il tuo accesso persister\u00e0 per due settimane. Se esci dal tuo account, i cookie di accesso verranno rimossi.<\/p>\n<p>Se modifichi o pubblichi un articolo, un cookie aggiuntivo verr\u00e0 salvato nel tuo browser. Questo cookie non include dati personali, ma indica semplicemente l&#8217;ID dell&#8217;articolo appena modificato. Scade dopo 1 giorno.<\/p>\n<h3>Contenuto incorporato da altri siti web<\/h3>\n<p>Gli articoli su questo sito possono includere contenuti incorporati (ad esempio video, immagini, articoli, ecc.). I contenuti incorporati da altri siti web si comportano esattamente allo stesso modo come se il visitatore avesse visitato l&#8217;altro sito web.<\/p>\n<p>Questi siti web possono raccogliere dati su di te, usare cookie, integrare ulteriori tracciamenti di terze parti e monitorare l&#8217;interazione con essi, incluso il tracciamento della tua interazione con il contenuto incorporato se hai un account e sei connesso a quei siti web.<\/p>\n<h3>Google Analytics<\/h3>\n<p>Il Sito utilizza Google Analytics per meri fini statistici. Si tratta di un servizio di analisi web fornito da Google Inc. (\u201cGoogle\u201d) che utilizza dei cookie, che vengono depositati sul computer dell\u2019utente per consentire analisi statistiche in forma aggregata in ordine all\u2019utilizzo del sito web visitato; si precisa inoltre che oltre i cookie, viene utilizzato da Google anche un pixel tag (<a href=\"http:\/\/www.google.it\/intl\/it\/policies\/privacy\/key-terms\/\">http:\/\/www.google.it\/intl\/it\/policies\/privacy\/key-terms\/<\/a>).<\/p>\n<p>I Dati generati da Google Analytics sono conservati da Google cos\u00ec come indicato nella Informativa reperibile qui <a href=\"https:\/\/developers.google.com\/analytics\/devguides\/collection\/analyticsjs\/cookie-usage\">https:\/\/developers.google.com\/analytics\/devguides\/collection\/analyticsjs\/cookie-usage<\/a><\/p>\n<p>Per consultare l\u2019informativa privacy della societ\u00e0 Google Inc., titolare autonomo del trattamento dei dati relativi al servizio Google Analytics, si rinvia al sito Internet <a href=\"http:\/\/www.google.com\/intl\/en\/analytics\/privacyoverview.html\">http:\/\/www.google.com\/intl\/en\/analytics\/privacyoverview.html<\/a><\/p>\n<p>Come espressamente indicato dal Garante Privacy con i \u201cChiarimenti in merito all\u2019attuazione della normativa in materia di cookie\u201d del 5 Giugno 2015, i siti che utilizzano, per meri fini statistici, cookie analitici realizzati e messi a disposizione da terze parti non sono soggetti agli obblighi e agli adempimenti previsti dalla normativa (notificazione al Garante in primis) qualora vengano adottati strumenti idonei a ridurre il potere identificativo dei cookie analitici che utilizzano (ad esempio, mediante il mascheramento di porzioni significative dell\u2019indirizzo IP) e purch\u00e9 l\u2019impiego di tali cookie sia subordinato a vincoli contrattuali tra siti e terze parti, nei quali si faccia espressamente richiamo all\u2019impegno della terza parte o a utilizzarli esclusivamente per la fornitura del servizio, a conservarli separatamente e a non \u201carricchirli\u201d o a non \u201cincrociarli\u201d con altre informazioni di cui esse dispongano.<\/p>\n<p>Il Titolare del presente sito ha deciso di avvalersi della funzione di anonimizzazione degli IP degli utenti fornita da Google (descritta al seguente link: <a href=\"https:\/\/support.google.com\/analytics\/answer\/2763052?hl=it)\">https:\/\/support.google.com\/analytics\/answer\/2763052?hl=it)<\/a> e ha accettato l\u2019Emendamento sull\u2019elaborazione dei dati (Google Analytics Data Processing Amendment v20130906) messo a disposizione da Google Analytics nel rispetto della Direttiva 95\/46\/CE, con cui Google si impegna a trattare i dati secondo le richieste del Cliente \u2013 Titolare del sito e a non condividerli con altri servizi aggiuntivi se non sia il Cliente stesso a richiederlo, attraverso le impostazioni dei servizi. Sul punto si informa l\u2019utente che il Titolare del presente sito non ha collegato Google Analytics ad alcun servizio aggiuntivo e che non \u00e8 stata attivata alcuna opzione pubblicitaria o di condivisione dei dati con Google.<\/p>\n<p>Alla luce degli accorgimenti adottati, il servizio di Google Analytics, usato dal presente sito per meri fini statistici, si attiva all\u2019atterraggio, non richiedendosi all\u2019utente alcun consenso per il rilascio dei relativi cookie.<\/p>\n<p>Al seguente link <a href=\"https:\/\/tools.google.com\/dlpage\/gaoptout?hl=it\">https:\/\/tools.google.com\/dlpage\/gaoptout?hl=it<\/a> vi \u00e8 il componente aggiuntivo del browser per la disattivazione di Google Analytics.<\/p>\n<h2>Con chi condividiamo i tuoi dati<\/h2>\n<h3>Pulsanti e widget di social network<\/h3>\n<p>I Social buttons sono quei particolari \u201cpulsanti\u201d presenti sul sito che raffigurano le icone di social network (esempio, Facebook e Twitter) e consentono agli utenti che stanno navigando di interagire con un \u201cclick\u201d direttamente con le piattaforme social.<\/p>\n<p>I social buttons utilizzati dal sito sono dei link che rinviano agli account del Titolare sui social network raffigurati. Tramite l\u2019utilizzo di tali pulsanti non sono pertanto installati cookie di terze parti. Si riportano comunque i link ove l\u2019utente pu\u00f2 prendere visione dell\u2019informativa privacy relativa alla gestione dei dati da parte dei Social cui i pulsanti rinviano.<\/p>\n<p><a href=\"https:\/\/www.facebook.com\/privacy\/explanation\/\">https:\/\/www.facebook.com\/privacy\/explanation\/<\/a><\/p>\n<p><a href=\"https:\/\/www.google.com\/policies\/privacy\/\">https:\/\/www.google.com\/policies\/privacy\/<\/a><\/p>\n<p><a href=\"https:\/\/twitter.com\/it\/privacy\">https:\/\/twitter.com\/it\/privacy<\/a><\/p>\n<p><a href=\"https:\/\/getpocket.com\/privacy\/\">https:\/\/getpocket.com\/privacy\/<\/a><\/p>\n<p><a href=\"http:\/\/instagram.com\/legal\/privacy\/\">http:\/\/instagram.com\/legal\/privacy\/<\/a><\/p>\n<p><a href=\"https:\/\/policies.yahoo.com\/privacy\/flickr\/\">https:\/\/policies.yahoo.com\/privacy\/flickr\/<\/a><\/p>\n<h3>Akismet (Automattic Inc.)<\/h3>\n<p>Akismet \u00e8 un servizio di protezione dallo SPAM fornito da Automattic Inc.<\/p>\n<p>Dati Personali raccolti: varie tipologie di Dati secondo quanto specificato dalla privacy policy del servizio.<br \/>\nLuogo del trattamento: USA \u2013 Privacy Policy<\/p>\n<h3>Google reCAPTCHA (Google Inc.)<\/h3>\n<p>Google reCAPTCHA \u00e8 un servizio di protezione dallo SPAM fornito da Google Inc.<\/p>\n<p>Dati Personali raccolti: Cookie e Dati di Utilizzo.<br \/>\nLuogo del trattamento: USA \u2013 Privacy Policy<\/p>\n<p>Questo tipo di servizi analizza il traffico di questa pagina web, potenzialmente contenente Dati Personali degli Utenti, al fine di filtrarlo da parti di traffico, messaggi e contenuti riconosciuti come SPAM.<\/p>\n<h2>Disabilitazione dei cookie<\/h2>\n<p>Fermo restando quanto sopra indicato in ordine ai cookie strettamente necessari alla navigazione, l\u2019utente pu\u00f2 eliminare gli altri cookie attraverso la funzionalit\u00e0 a tal fine messa a disposizione dal Titolare tramite la presente informativa oppure direttamente tramite il proprio browser.<\/p>\n<p>I cookie possono essere completamente disattivati dal browser utilizzando l\u2019apposita funzione prevista nella maggior parte dei programmi di navigazione. L\u2019utente pu\u00f2 ottenere istruzioni specifiche attraverso i link sottostanti:<\/p>\n<p><a href=\"http:\/\/support.apple.com\/kb\/PH17191?viewlocale=it_IT&amp;locale=it_IT\">Apple Safari<\/a><\/p>\n<p><a href=\"http:\/\/tools.google.com\/dlpage\/gaoptout\">Google Analytics<\/a><\/p>\n<p><a href=\"https:\/\/support.google.com\/chrome\/bin\/answer.py?hl=it&amp;answer=95647&amp;p=cpn_cookies\">Google Chrome<\/a><\/p>\n<p><a href=\"http:\/\/windows.microsoft.com\/it-it\/windows7\/block-enable-or-allow-cookies\">Microsoft Windows Explorer<\/a><\/p>\n<p><a href=\"http:\/\/support.mozilla.org\/it-IT\/kb\/Enabling%20and%20disabling%20cookies\">Mozilla Firefox<\/a><\/p>\n<p><a href=\"http:\/\/help.opera.com\/Windows\/10.00\/it\/cookies.html\">Opera<\/a><\/p>\n<p>La disattivazione dei cookie di terze parti \u00e8 inoltre possibile attraverso le modalit\u00e0 rese disponibili direttamente dalla societ\u00e0 terza titolare per detto trattamento, come indicato ai link riportati nel paragrafo \u201ccookie di terze parti\u201d<\/p>\n<p>Per avere informazioni sui cookie archiviati sul proprio terminale e disattivarli singolarmente si rinvia al link: <a href=\"http:\/\/www.youronlinechoices.com\/it\/le-tue-scelte\">http:\/\/www.youronlinechoices.com\/it\/le-tue-scelte<\/a><\/p>\n<h2>Per quanto tempo conserviamo i tuoi dati<\/h2>\n<p>Se lasci un commento, il commento e i relativi metadati vengono conservati a tempo indeterminato. \u00c8 cos\u00ec che possiamo riconoscere e approvare automaticamente eventuali commenti successivi invece di tenerli in una coda di moderazione.<\/p>\n<p>Per gli utenti che si registrano sul nostro sito web (se presenti), memorizziamo anche le informazioni personali che forniscono nel loro profilo utente. Tutti gli utenti possono vedere, modificare o cancellare le loro informazioni personali in qualsiasi momento (eccetto il loro nome utente che non possono cambiare). Gli amministratori del sito web possono anche vedere e modificare queste informazioni.<\/p>\n<h2>Quali diritti hai sui tuoi dati<\/h2>\n<p>Se hai un account su questo sito, o hai lasciato commenti, puoi richiedere di ricevere un file esportato dal sito con i dati personali che abbiamo su di te, compresi i dati che ci hai fornito. Puoi anche richiedere che cancelliamo tutti i dati personali che ti riguardano. Questo non include i dati che siamo obbligati a conservare per scopi amministrativi, legali o di sicurezza.<\/p>\n<h2>Dove spediamo i tuoi dati<\/h2>\n<p>I commenti dei visitatori possono essere controllati attraverso un servizio di rilevamento automatico dello spam.<\/p>\n<h2>Informazioni di contatto<\/h2>\n<p><strong>Mittelnet S.a.S. di Serena Giorgini &amp; C.<br \/>\n<\/strong><span class=\"copyright-text\">via San Giorgio 7\/a &#8211; 34100 Trieste<\/span><br \/>\nemail: info [AT] triesteturismo.eu<\/p>\n<h2>Informazioni aggiuntive<\/h2>\n<h3>Come proteggiamo i tuoi dati<\/h3>\n<p>Il sito \u00e8 dotato di <strong>SSL (Secure Sockets Layer)<\/strong> un protocollo progettato per consentire alle applicazioni di trasmettere informazioni in modo sicuro e protetto.<\/p>\n<h2>Definizioni e riferimenti legali<\/h2>\n<p><strong>Dati Personali (o Dati)<br \/>\n<\/strong>Costituisce dato personale qualunque informazione relativa a persona fisica, identificata o identificabile, anche indirettamente, mediante riferimento a qualsiasi altra informazione, ivi compreso un numero di identificazione personale.<\/p>\n<p><strong>Dati di Utilizzo<br \/>\n<\/strong>Sono le informazioni raccolte in maniera automatica da questa pagina web (o dalle applicazioni di parti terze che questa pagina web utilizza), tra le quali: gli indirizzi IP o i nomi a dominio dei computer utilizzati dall\u2019Utente che si connette con questa pagina web, gli indirizzi in notazione URI (Uniform Resource Identifier), l\u2019orario della richiesta, il metodo utilizzato nel sottoporre la richiesta al server, la dimensione del file ottenuto in risposta, il codice numerico indicante lo stato della risposta dal server (buon fine, errore, ecc.) il paese di provenienza, le caratteristiche del browser e del sistema operativo utilizzati dal visitatore, le varie connotazioni temporali della visita (ad esempio il tempo di permanenza su ciascuna pagina) e i dettagli relativi all\u2019itinerario seguito all\u2019interno della pagina web, con particolare riferimento alla sequenza delle pagine consultate, ai parametri relativi al sistema operativo e all\u2019ambiente informatico dell\u2019Utente.<\/p>\n<p><strong>Utente<br \/>\n<\/strong>L\u2019individuo che utilizza questa pagina web, che deve coincidere con l\u2019Interessato o essere da questo autorizzato ed i cui Dati Personali sono oggetto del trattamento.<\/p>\n<p><strong>Interessato<br \/>\n<\/strong>La persona fisica o giuridica cui si riferiscono i Dati Personali.<\/p>\n<p><strong>Responsabile del Trattamento (o Responsabile)<br \/>\n<\/strong>La persona fisica, giuridica, la pubblica amministrazione e qualsiasi altro ente, associazione od organismo preposti dal Titolare al trattamento dei Dati Personali, secondo quanto predisposto dalla presente privacy policy.<\/p>\n<p><strong>Titolare del Trattamento (o Titolare)<br \/>\n<\/strong>La persona fisica, giuridica, la pubblica amministrazione e qualsiasi altro ente, associazione od organismo cui competono, anche unitamente ad altro titolare, le decisioni in ordine alle finalit\u00e0, alle modalit\u00e0 del trattamento di dati personali ed agli strumenti utilizzati, ivi compreso il profilo della sicurezza, in relazione al funzionamento e alla fruizione di questa pagina web. Il Titolare del Trattamento, salvo quanto diversamente specificato, \u00e8 il proprietario di questa pagina web.<\/p>\n<p><strong>Cookie<br \/>\n<\/strong>Piccola porzione di dati conservata all\u2019interno del dispositivo dell\u2019Utente.<\/p>\n<p><strong>Riferimenti legali<br \/>\n<\/strong>Avviso agli Utenti europei: la presente informativa privacy \u00e8 redatta in adempimento degli obblighi ai sensi della normativa nazionale applicabile e del regolamento Privacy Europeo n. 679\/2016 (\u201cGDPR\u201d) in vigore dal 25 maggio 2018.<\/p>\n","protected":false},"excerpt":{"rendered":"<p>Chi siamo L&#8217;indirizzo del nostro sito web \u00e8: https:\/\/triesteturismo.eu. Quali dati personali raccogliamo e perch\u00e9 li raccogliamo Per migliorare l\u2019esperienza di navigazione di utenti e visitatori, potrebbe rendersi necessaria la raccolta di dati personali. Questo potrebbe includere dati personali come: nome, indirizzo email, preferenze personali sull\u2019account e dati tecnici (es. informazioni sui cookies). I dati<\/p>","protected":false},"author":1,"featured_media":0,"parent":0,"menu_order":0,"comment_status":"closed","ping_status":"closed","template":"","meta":[],"brizy_media":[],"_links":{"self":[{"href":"https:\/\/triesteturismo.eu\/en\/wp-json\/wp\/v2\/pages\/1796"}],"collection":[{"href":"https:\/\/triesteturismo.eu\/en\/wp-json\/wp\/v2\/pages"}],"about":[{"href":"https:\/\/triesteturismo.eu\/en\/wp-json\/wp\/v2\/types\/page"}],"author":[{"embeddable":true,"href":"https:\/\/triesteturismo.eu\/en\/wp-json\/wp\/v2\/users\/1"}],"replies":[{"embeddable":true,"href":"https:\/\/triesteturismo.eu\/en\/wp-json\/wp\/v2\/comments?post=1796"}],"version-history":[{"count":4,"href":"https:\/\/triesteturismo.eu\/en\/wp-json\/wp\/v2\/pages\/1796\/revisions"}],"predecessor-version":[{"id":1801,"href":"https:\/\/triesteturismo.eu\/en\/wp-json\/wp\/v2\/pages\/1796\/revisions\/1801"}],"wp:attachment":[{"href":"https:\/\/triesteturismo.eu\/en\/wp-json\/wp\/v2\/media?parent=1796"}],"curies":[{"name":"wp","href":"https:\/\/api.w.org\/{rel}","templated":true}]}}